{"id":47,"date":"2020-02-26T09:32:40","date_gmt":"2020-02-26T08:32:40","guid":{"rendered":"https:\/\/pastoraledutourisme41.fr\/?page_id=47"},"modified":"2026-02-26T08:39:34","modified_gmt":"2026-02-26T07:39:34","slug":"eglises_du_loir-et-cher","status":"publish","type":"page","link":"https:\/\/pastoraledutourisme41.fr\/","title":{"rendered":"Accueil"},"content":{"rendered":"\n<h3 class=\"wp-block-heading\"><strong><img loading=\"lazy\" decoding=\"async\" class=\"wp-image-8 aligncenter\" src=\"https:\/\/pastoraledutourisme41.fr\/wp-content\/uploads\/2020\/01\/LOGO-PRTL-.jpg\" alt=\"\" width=\"100\" height=\"61\"><\/strong><\/h3>\n\n\n\n<h3 class=\"wp-block-heading\"> &#8211; Le service de La pastorale du tourisme vous accueille pour vous faire visiter et d\u00e9couvrir la richesse patrimoniale et culturelle des \u00e9glises du Loir-et-Cher et vous proposer ses actualit\u00e9s.<\/h3>\n\n\n\n<h4 class=\"wp-block-heading\"><img loading=\"lazy\" decoding=\"async\" class=\"alignleft\" src=\"https:\/\/pastoraledutourisme41.fr\/wp-content\/uploads\/2020\/03\/Vue-sur-St-Nicolas-300x225.jpg\" alt=\"\" width=\"200\" height=\"150\"><\/h4>\n\n\n\n<p>Le tourisme religieux est appel\u00e9 aussi le tourisme de la foi ou encore le tourisme spirituel. Si la France est la premi\u00e8re destination touristique mondiale avec plus de 70 millions de personnes qui visitent nos sites, nos ch\u00e2teaux, nos \u00e9glises, son patrimoine architectural est unique et son patrimoine religieux en est une composante incontournable avec ses 50 000 \u00e9difices religieux&nbsp;: Monast\u00e8res, abbayes, cath\u00e9drales, \u00e9glises, basiliques, chapelles, mus\u00e9es qui renferment des richesses remarquables et nombreuses class\u00e9es ou inscrites aux monuments historiques.<br><strong>La France est riche d&rsquo;un patrimoine religieux important et presque toujours gratuit.<\/strong><\/p>\n\n\n<div class=\"wp-block-image\">\n<figure class=\"alignleft\"><img loading=\"lazy\" decoding=\"async\" width=\"169\" height=\"300\" src=\"https:\/\/pastoraledutourisme41.fr\/wp-content\/uploads\/2020\/03\/Blois-cathedrale-vitrail-Marie-et-Jesus-IMG_2376-169x300.jpeg\" alt=\"\" class=\"wp-image-217\" srcset=\"https:\/\/pastoraledutourisme41.fr\/wp-content\/uploads\/2020\/03\/Blois-cathedrale-vitrail-Marie-et-Jesus-IMG_2376-169x300.jpeg 169w, https:\/\/pastoraledutourisme41.fr\/wp-content\/uploads\/2020\/03\/Blois-cathedrale-vitrail-Marie-et-Jesus-IMG_2376-575x1024.jpeg 575w, https:\/\/pastoraledutourisme41.fr\/wp-content\/uploads\/2020\/03\/Blois-cathedrale-vitrail-Marie-et-Jesus-IMG_2376-768x1367.jpeg 768w, https:\/\/pastoraledutourisme41.fr\/wp-content\/uploads\/2020\/03\/Blois-cathedrale-vitrail-Marie-et-Jesus-IMG_2376-863x1536.jpeg 863w, https:\/\/pastoraledutourisme41.fr\/wp-content\/uploads\/2020\/03\/Blois-cathedrale-vitrail-Marie-et-Jesus-IMG_2376-1151x2048.jpeg 1151w, https:\/\/pastoraledutourisme41.fr\/wp-content\/uploads\/2020\/03\/Blois-cathedrale-vitrail-Marie-et-Jesus-IMG_2376-152x270.jpeg 152w, https:\/\/pastoraledutourisme41.fr\/wp-content\/uploads\/2020\/03\/Blois-cathedrale-vitrail-Marie-et-Jesus-IMG_2376-scaled.jpeg 1439w\" sizes=\"auto, (max-width: 169px) 100vw, 169px\" \/><\/figure>\n<\/div>\n\n\n<p>Les \u00e9glises, appartiennent souvent aux communes, les cath\u00e9drales \u00e0 l\u2019\u00c9tat. les \u00e9glises contemporaines (construites apr\u00e8s la loi de 1905) et les basiliques appartiennent \u00e0 l\u2019\u00c9glise mais aussi des mus\u00e9es, chapelles et autres lieux de culte catholique ou de rassemblements pri\u00e8res.<\/p>\n\n\n\n<p>Un grand nombre renferme des richesses patrimoniales culturelles remarquables et sont class\u00e9es ou inscrites aux monuments historiques. &nbsp; &nbsp; &nbsp; &nbsp; &nbsp; &nbsp; &nbsp; &nbsp;&nbsp;<strong>&nbsp;<\/strong><\/p>\n\n\n\n<h4 class=\"wp-block-heading\"><strong>Ce patrimoine religieux est \u00e0 faire conna\u00eetre.<img loading=\"lazy\" decoding=\"async\" class=\"wp-image-219 alignright\" src=\"https:\/\/pastoraledutourisme41.fr\/wp-content\/uploads\/2020\/03\/Saint-Vi\u00e2tre-1.png\" alt=\"\" width=\"134\" height=\"179\" srcset=\"https:\/\/pastoraledutourisme41.fr\/wp-content\/uploads\/2020\/03\/Saint-Vi\u00e2tre-1.png 211w, https:\/\/pastoraledutourisme41.fr\/wp-content\/uploads\/2020\/03\/Saint-Vi\u00e2tre-1-203x270.png 203w\" sizes=\"auto, (max-width: 134px) 100vw, 134px\" \/><\/strong><\/h4>\n\n\n\n<p>Nous n\u2019en sommes que les d\u00e9positaires. &nbsp;Les \u00e9glises, lieux de toutes les c\u00e9l\u00e9brations de la vie chr\u00e9tienne, permettent aussi un temps de recueillement, de pri\u00e8res, de silence, de pause, de fraicheur l\u2019\u00e9t\u00e9.<\/p>\n\n\n\n<p><strong>L\u2019Iconographie chr\u00e9tienne est pleine de sens, de symboles, de codes, d\u2019objets, de couleurs qui t\u00e9moignent et qui donnent du sens.<\/strong><\/p>\n\n\n\n<p><\/p>\n\n\n\n<div class=\"wp-block-columns is-layout-flex wp-container-core-columns-is-layout-9d6595d7 wp-block-columns-is-layout-flex\">\n<div class=\"wp-block-column is-vertically-aligned-center is-layout-flow wp-block-column-is-layout-flow\" style=\"flex-basis:66.66%\">\n<p>La Pastorale du tourisme \u00e9dite un livret papier\u00a0 au format poche, avec le concours du Dioc\u00e8se de Blois, du Conseil D\u00e9partemental 41 et de la caisse r\u00e9gionale de Cr\u00e9dit Agricole du Val-de-France.<br>L&rsquo;\u00e9dition n\u00b0 3  est\u00a0accessible en cliquant sur l&rsquo;image ci-contre. Vous pouvez vous le procurer dans les \u00e9glises notamment.<\/p>\n<\/div>\n\n\n\n<div class=\"wp-block-column is-layout-flow wp-block-column-is-layout-flow\" style=\"flex-basis:33.33%\">\n<figure class=\"wp-block-image size-full\"><a href=\"https:\/\/pastoraledutourisme41.fr\/wp-content\/uploads\/2024\/04\/22672_PASTORALE_100x210_2024-web.pdf\"><img loading=\"lazy\" decoding=\"async\" width=\"652\" height=\"602\" src=\"https:\/\/pastoraledutourisme41.fr\/wp-content\/uploads\/2024\/03\/livret-2024-2025.jpg\" alt=\"\" class=\"wp-image-2914\" srcset=\"https:\/\/pastoraledutourisme41.fr\/wp-content\/uploads\/2024\/03\/livret-2024-2025.jpg 652w, https:\/\/pastoraledutourisme41.fr\/wp-content\/uploads\/2024\/03\/livret-2024-2025-300x277.jpg 300w\" sizes=\"auto, (max-width: 652px) 100vw, 652px\" \/><\/a><\/figure>\n<\/div>\n<\/div>\n\n\n\n<div class=\"wp-block-columns is-layout-flex wp-container-core-columns-is-layout-9d6595d7 wp-block-columns-is-layout-flex\">\n<div class=\"wp-block-column is-layout-flow wp-block-column-is-layout-flow\" style=\"flex-basis:25%\">\n<figure class=\"wp-block-image size-medium\"><a href=\"https:\/\/pastoraledutourisme41.fr\/wp-content\/uploads\/2026\/02\/PASTORALE-TOURISME_210X500mm-BAT2-1.pdf\" target=\"_blank\" rel=\" noreferrer noopener\"><img loading=\"lazy\" decoding=\"async\" width=\"233\" height=\"300\" src=\"https:\/\/pastoraledutourisme41.fr\/wp-content\/uploads\/2026\/02\/visitez_2026-233x300.jpg\" alt=\"\" class=\"wp-image-3179\" srcset=\"https:\/\/pastoraledutourisme41.fr\/wp-content\/uploads\/2026\/02\/visitez_2026-233x300.jpg 233w, https:\/\/pastoraledutourisme41.fr\/wp-content\/uploads\/2026\/02\/visitez_2026.jpg 639w\" sizes=\"auto, (max-width: 233px) 100vw, 233px\" \/><\/a><\/figure>\n<\/div>\n\n\n\n<div class=\"wp-block-column is-vertically-aligned-center is-layout-flow wp-block-column-is-layout-flow\" style=\"flex-basis:66.66%\">\n<p><\/p>\n\n\n\n<p><\/p>\n\n\n\n<p>Le d\u00e9pliant 2026 avec le programme des visites est accessible en cliquant sur l&rsquo;image ci-contre. Vous pouvez vous le procurer dans les \u00e9glises notamment.<\/p>\n<\/div>\n<\/div>\n","protected":false},"excerpt":{"rendered":"<p>&#8211; Le service de La pastorale du tourisme vous accueille pour vous faire visiter et d\u00e9couvrir la richesse patrimoniale et culturelle des \u00e9glises du Loir-et-Cher et vous proposer ses actualit\u00e9s. Le tourisme religieux est&#46;&#46;&#46;<\/p>\n","protected":false},"author":3,"featured_media":0,"parent":0,"menu_order":0,"comment_status":"closed","ping_status":"closed","template":"","meta":{"footnotes":""},"class_list":["post-47","page","type-page","status-publish","hentry"],"yoast_head":"<!-- This site is optimized with the Yoast SEO plugin v27.0 - https:\/\/yoast.com\/product\/yoast-seo-wordpress\/ -->\n<title>Accueil - Pastorale du Tourisme, \u00e9glises du Loir-et-Cher<\/title>\n<meta name=\"description\" content=\"La pastorale propose des visites guid\u00e9es gratuites dans les \u00e9glises de Blois et du d\u00e9partement du Loir-et-Cher pendant la saison touristique, d&#039;avril \u00e0 novembre. % %\" \/>\n<meta name=\"robots\" content=\"index, follow, max-snippet:-1, max-image-preview:large, max-video-preview:-1\" \/>\n<link rel=\"canonical\" href=\"https:\/\/pastoraledutourisme41.fr\/\" \/>\n<meta property=\"og:locale\" content=\"fr_FR\" \/>\n<meta property=\"og:type\" content=\"article\" \/>\n<meta property=\"og:title\" content=\"Accueil - Pastorale du Tourisme, \u00e9glises du Loir-et-Cher\" \/>\n<meta property=\"og:description\" content=\"La pastorale propose des visites guid\u00e9es gratuites dans les \u00e9glises de Blois et du d\u00e9partement du Loir-et-Cher pendant la saison touristique, d&#039;avril \u00e0 novembre. % %\" \/>\n<meta property=\"og:url\" content=\"https:\/\/pastoraledutourisme41.fr\/\" \/>\n<meta property=\"og:site_name\" content=\"Pastorale du Tourisme, \u00e9glises du Loir-et-Cher\" \/>\n<meta property=\"article:modified_time\" content=\"2026-02-26T07:39:34+00:00\" \/>\n<meta property=\"og:image\" content=\"https:\/\/pastoraledutourisme41.fr\/wp-content\/uploads\/2020\/01\/LOGO-PRTL-.jpg\" \/>\n\t<meta property=\"og:image:width\" content=\"120\" \/>\n\t<meta property=\"og:image:height\" content=\"73\" \/>\n\t<meta property=\"og:image:type\" content=\"image\/jpeg\" \/>\n<meta name=\"twitter:card\" content=\"summary_large_image\" \/>\n<meta name=\"twitter:label1\" content=\"Dur\u00e9e de lecture estim\u00e9e\" \/>\n\t<meta name=\"twitter:data1\" content=\"3 minutes\" \/>\n<script type=\"application\/ld+json\" class=\"yoast-schema-graph\">{\"@context\":\"https:\/\/schema.org\",\"@graph\":[{\"@type\":\"WebPage\",\"@id\":\"https:\/\/pastoraledutourisme41.fr\/\",\"url\":\"https:\/\/pastoraledutourisme41.fr\/\",\"name\":\"Accueil - Pastorale du Tourisme, \u00e9glises du Loir-et-Cher\",\"isPartOf\":{\"@id\":\"https:\/\/pastoraledutourisme41.fr\/#website\"},\"primaryImageOfPage\":{\"@id\":\"https:\/\/pastoraledutourisme41.fr\/#primaryimage\"},\"image\":{\"@id\":\"https:\/\/pastoraledutourisme41.fr\/#primaryimage\"},\"thumbnailUrl\":\"https:\/\/pastoraledutourisme41.fr\/wp-content\/uploads\/2020\/01\/LOGO-PRTL-.jpg\",\"datePublished\":\"2020-02-26T08:32:40+00:00\",\"dateModified\":\"2026-02-26T07:39:34+00:00\",\"description\":\"La pastorale propose des visites guid\u00e9es gratuites dans les \u00e9glises de Blois et du d\u00e9partement du Loir-et-Cher pendant la saison touristique, d'avril \u00e0 novembre. % %\",\"breadcrumb\":{\"@id\":\"https:\/\/pastoraledutourisme41.fr\/#breadcrumb\"},\"inLanguage\":\"fr-FR\",\"potentialAction\":[{\"@type\":\"ReadAction\",\"target\":[\"https:\/\/pastoraledutourisme41.fr\/\"]}]},{\"@type\":\"ImageObject\",\"inLanguage\":\"fr-FR\",\"@id\":\"https:\/\/pastoraledutourisme41.fr\/#primaryimage\",\"url\":\"https:\/\/pastoraledutourisme41.fr\/wp-content\/uploads\/2020\/01\/LOGO-PRTL-.jpg\",\"contentUrl\":\"https:\/\/pastoraledutourisme41.fr\/wp-content\/uploads\/2020\/01\/LOGO-PRTL-.jpg\",\"width\":120,\"height\":73,\"caption\":\"Pastorale du tourisme 41\"},{\"@type\":\"BreadcrumbList\",\"@id\":\"https:\/\/pastoraledutourisme41.fr\/#breadcrumb\",\"itemListElement\":[{\"@type\":\"ListItem\",\"position\":1,\"name\":\"Accueil\",\"item\":\"https:\/\/pastoraledutourisme41.fr\/\"},{\"@type\":\"ListItem\",\"position\":2,\"name\":\"Accueil\"}]},{\"@type\":\"WebSite\",\"@id\":\"https:\/\/pastoraledutourisme41.fr\/#website\",\"url\":\"https:\/\/pastoraledutourisme41.fr\/\",\"name\":\"Pastorale du Tourisme, \u00e9glises du Loir-et-Cher\",\"description\":\"Pastorale des r\u00e9alit\u00e9s du tourisme et des loisirs\",\"publisher\":{\"@id\":\"https:\/\/pastoraledutourisme41.fr\/#organization\"},\"potentialAction\":[{\"@type\":\"SearchAction\",\"target\":{\"@type\":\"EntryPoint\",\"urlTemplate\":\"https:\/\/pastoraledutourisme41.fr\/?s={search_term_string}\"},\"query-input\":{\"@type\":\"PropertyValueSpecification\",\"valueRequired\":true,\"valueName\":\"search_term_string\"}}],\"inLanguage\":\"fr-FR\"},{\"@type\":\"Organization\",\"@id\":\"https:\/\/pastoraledutourisme41.fr\/#organization\",\"name\":\"Pastorale du Tourisme en Loir-et-Cher\",\"url\":\"https:\/\/pastoraledutourisme41.fr\/\",\"logo\":{\"@type\":\"ImageObject\",\"inLanguage\":\"fr-FR\",\"@id\":\"https:\/\/pastoraledutourisme41.fr\/#\/schema\/logo\/image\/\",\"url\":\"https:\/\/pastoraledutourisme41.fr\/wp-content\/uploads\/2020\/01\/LOGO-PRTL-.jpg\",\"contentUrl\":\"https:\/\/pastoraledutourisme41.fr\/wp-content\/uploads\/2020\/01\/LOGO-PRTL-.jpg\",\"width\":120,\"height\":73,\"caption\":\"Pastorale du Tourisme en Loir-et-Cher\"},\"image\":{\"@id\":\"https:\/\/pastoraledutourisme41.fr\/#\/schema\/logo\/image\/\"}}]}<\/script>\n<!-- \/ Yoast SEO plugin. -->","yoast_head_json":{"title":"Accueil - Pastorale du Tourisme, \u00e9glises du Loir-et-Cher","description":"La pastorale propose des visites guid\u00e9es gratuites dans les \u00e9glises de Blois et du d\u00e9partement du Loir-et-Cher pendant la saison touristique, d'avril \u00e0 novembre. % %","robots":{"index":"index","follow":"follow","max-snippet":"max-snippet:-1","max-image-preview":"max-image-preview:large","max-video-preview":"max-video-preview:-1"},"canonical":"https:\/\/pastoraledutourisme41.fr\/","og_locale":"fr_FR","og_type":"article","og_title":"Accueil - Pastorale du Tourisme, \u00e9glises du Loir-et-Cher","og_description":"La pastorale propose des visites guid\u00e9es gratuites dans les \u00e9glises de Blois et du d\u00e9partement du Loir-et-Cher pendant la saison touristique, d'avril \u00e0 novembre. % %","og_url":"https:\/\/pastoraledutourisme41.fr\/","og_site_name":"Pastorale du Tourisme, \u00e9glises du Loir-et-Cher","article_modified_time":"2026-02-26T07:39:34+00:00","og_image":[{"width":120,"height":73,"url":"https:\/\/pastoraledutourisme41.fr\/wp-content\/uploads\/2020\/01\/LOGO-PRTL-.jpg","type":"image\/jpeg"}],"twitter_card":"summary_large_image","twitter_misc":{"Dur\u00e9e de lecture estim\u00e9e":"3 minutes"},"schema":{"@context":"https:\/\/schema.org","@graph":[{"@type":"WebPage","@id":"https:\/\/pastoraledutourisme41.fr\/","url":"https:\/\/pastoraledutourisme41.fr\/","name":"Accueil - Pastorale du Tourisme, \u00e9glises du Loir-et-Cher","isPartOf":{"@id":"https:\/\/pastoraledutourisme41.fr\/#website"},"primaryImageOfPage":{"@id":"https:\/\/pastoraledutourisme41.fr\/#primaryimage"},"image":{"@id":"https:\/\/pastoraledutourisme41.fr\/#primaryimage"},"thumbnailUrl":"https:\/\/pastoraledutourisme41.fr\/wp-content\/uploads\/2020\/01\/LOGO-PRTL-.jpg","datePublished":"2020-02-26T08:32:40+00:00","dateModified":"2026-02-26T07:39:34+00:00","description":"La pastorale propose des visites guid\u00e9es gratuites dans les \u00e9glises de Blois et du d\u00e9partement du Loir-et-Cher pendant la saison touristique, d'avril \u00e0 novembre. % %","breadcrumb":{"@id":"https:\/\/pastoraledutourisme41.fr\/#breadcrumb"},"inLanguage":"fr-FR","potentialAction":[{"@type":"ReadAction","target":["https:\/\/pastoraledutourisme41.fr\/"]}]},{"@type":"ImageObject","inLanguage":"fr-FR","@id":"https:\/\/pastoraledutourisme41.fr\/#primaryimage","url":"https:\/\/pastoraledutourisme41.fr\/wp-content\/uploads\/2020\/01\/LOGO-PRTL-.jpg","contentUrl":"https:\/\/pastoraledutourisme41.fr\/wp-content\/uploads\/2020\/01\/LOGO-PRTL-.jpg","width":120,"height":73,"caption":"Pastorale du tourisme 41"},{"@type":"BreadcrumbList","@id":"https:\/\/pastoraledutourisme41.fr\/#breadcrumb","itemListElement":[{"@type":"ListItem","position":1,"name":"Accueil","item":"https:\/\/pastoraledutourisme41.fr\/"},{"@type":"ListItem","position":2,"name":"Accueil"}]},{"@type":"WebSite","@id":"https:\/\/pastoraledutourisme41.fr\/#website","url":"https:\/\/pastoraledutourisme41.fr\/","name":"Pastorale du Tourisme, \u00e9glises du Loir-et-Cher","description":"Pastorale des r\u00e9alit\u00e9s du tourisme et des loisirs","publisher":{"@id":"https:\/\/pastoraledutourisme41.fr\/#organization"},"potentialAction":[{"@type":"SearchAction","target":{"@type":"EntryPoint","urlTemplate":"https:\/\/pastoraledutourisme41.fr\/?s={search_term_string}"},"query-input":{"@type":"PropertyValueSpecification","valueRequired":true,"valueName":"search_term_string"}}],"inLanguage":"fr-FR"},{"@type":"Organization","@id":"https:\/\/pastoraledutourisme41.fr\/#organization","name":"Pastorale du Tourisme en Loir-et-Cher","url":"https:\/\/pastoraledutourisme41.fr\/","logo":{"@type":"ImageObject","inLanguage":"fr-FR","@id":"https:\/\/pastoraledutourisme41.fr\/#\/schema\/logo\/image\/","url":"https:\/\/pastoraledutourisme41.fr\/wp-content\/uploads\/2020\/01\/LOGO-PRTL-.jpg","contentUrl":"https:\/\/pastoraledutourisme41.fr\/wp-content\/uploads\/2020\/01\/LOGO-PRTL-.jpg","width":120,"height":73,"caption":"Pastorale du Tourisme en Loir-et-Cher"},"image":{"@id":"https:\/\/pastoraledutourisme41.fr\/#\/schema\/logo\/image\/"}}]}},"_links":{"self":[{"href":"https:\/\/pastoraledutourisme41.fr\/index.php\/wp-json\/wp\/v2\/pages\/47","targetHints":{"allow":["GET"]}}],"collection":[{"href":"https:\/\/pastoraledutourisme41.fr\/index.php\/wp-json\/wp\/v2\/pages"}],"about":[{"href":"https:\/\/pastoraledutourisme41.fr\/index.php\/wp-json\/wp\/v2\/types\/page"}],"author":[{"embeddable":true,"href":"https:\/\/pastoraledutourisme41.fr\/index.php\/wp-json\/wp\/v2\/users\/3"}],"replies":[{"embeddable":true,"href":"https:\/\/pastoraledutourisme41.fr\/index.php\/wp-json\/wp\/v2\/comments?post=47"}],"version-history":[{"count":102,"href":"https:\/\/pastoraledutourisme41.fr\/index.php\/wp-json\/wp\/v2\/pages\/47\/revisions"}],"predecessor-version":[{"id":3185,"href":"https:\/\/pastoraledutourisme41.fr\/index.php\/wp-json\/wp\/v2\/pages\/47\/revisions\/3185"}],"wp:attachment":[{"href":"https:\/\/pastoraledutourisme41.fr\/index.php\/wp-json\/wp\/v2\/media?parent=47"}],"curies":[{"name":"wp","href":"https:\/\/api.w.org\/{rel}","templated":true}]}}