{"id":349,"date":"2020-03-21T17:35:37","date_gmt":"2020-03-21T16:35:37","guid":{"rendered":"https:\/\/pastoraledutourisme41.fr\/?page_id=349"},"modified":"2024-03-16T08:42:06","modified_gmt":"2024-03-16T07:42:06","slug":"accueil-spirituel","status":"publish","type":"page","link":"https:\/\/pastoraledutourisme41.fr\/index.php\/accueil-spirituel\/","title":{"rendered":"Halte spirituelle"},"content":{"rendered":"<ul>\n<li><strong>Basilique Notre-Dame de la Trinit\u00e9<\/strong>:\u00a010 boulevard Carnot 41000 Blois (02 54 78 18 23) \u00a0&#8211; <a href=\"http:\/\/www.sanctuaire-trinite.com\">http:\/\/www.sanctuaire-trinite.com<\/a> \u00a0&#8211; Ouverte tous les jours de 8h \u00e0 22h\u00a0 &#8211; Mont\u00e9e au clocher (60m) et carillon: 2\u20ac adulte &#8211; 1\u20ac enfant. Rdv \u00e0 la boutique \u00a0&#8211; Boutique :\u00a0 lundi-samedi : 10h-12h15 et 14h30-18h &#8211; Dimanche: 10h-11h et 12h-13h -Visites libres ou guid\u00e9es pour groupes sur Rdv (02 54 78 18 23 )<\/li>\n<li><strong>Communaut\u00e9 des B\u00e9atitudes &#8211;\u00a0<\/strong>Domaine de Burtin, \u00a041600 Nouan-le-Fuzelier &#8211; (02 54 88 77 33) ou (06 31 97 72 24):\u00a0 <a href=\"https:\/\/nouan.beatitudes.org\/\">https:\/\/nouan.beatitudes.org\/<\/a><\/li>\n<li><strong>Fraternit\u00e9s Monastiques de J\u00e9rusalem &#8211;\u00a0<\/strong>Magdala, 41300 La-Fert\u00e9-Imbault T\u00e9l : (02 54 96 22 73) : <a href=\"https:\/\/magdala.fraternites-jerusalem.org\/\">https:\/\/magdala.fraternites-jerusalem.org\/<\/a><\/li>\n<\/ul>\n","protected":false},"excerpt":{"rendered":"<p>Basilique Notre-Dame de la Trinit\u00e9:\u00a010 boulevard Carnot 41000 Blois (02 54 78 18 23) \u00a0&#8211; http:\/\/www.sanctuaire-trinite.com \u00a0&#8211; Ouverte tous les jours de 8h \u00e0 22h\u00a0 &#8211; Mont\u00e9e au clocher (60m) et carillon: 2\u20ac adulte&#46;&#46;&#46;<\/p>\n","protected":false},"author":3,"featured_media":0,"parent":0,"menu_order":0,"comment_status":"closed","ping_status":"closed","template":"","meta":{"footnotes":""},"class_list":["post-349","page","type-page","status-publish","hentry"],"yoast_head":"<!-- This site is optimized with the Yoast SEO plugin v27.0 - https:\/\/yoast.com\/product\/yoast-seo-wordpress\/ -->\n<title>Halte spirituelle - Pastorale du Tourisme, \u00e9glises du Loir-et-Cher<\/title>\n<meta name=\"description\" content=\"Accueil spirituel (dioc\u00e8se de Blois) \u00e0 la Basilique Notre-Dame de la Trinit\u00e9, au Domaine de l\u2019abbaye Saint-Georges, \u00e0 la Communaut\u00e9 des B\u00e9atitudes, aux Fraternit\u00e9s Monastiques de J\u00e9rusalem.\" \/>\n<meta name=\"robots\" content=\"index, follow, max-snippet:-1, max-image-preview:large, max-video-preview:-1\" \/>\n<link rel=\"canonical\" href=\"https:\/\/pastoraledutourisme41.fr\/index.php\/accueil-spirituel\/\" \/>\n<meta property=\"og:locale\" content=\"fr_FR\" \/>\n<meta property=\"og:type\" content=\"article\" \/>\n<meta property=\"og:title\" content=\"Halte spirituelle - Pastorale du Tourisme, \u00e9glises du Loir-et-Cher\" \/>\n<meta property=\"og:description\" content=\"Accueil spirituel (dioc\u00e8se de Blois) \u00e0 la Basilique Notre-Dame de la Trinit\u00e9, au Domaine de l\u2019abbaye Saint-Georges, \u00e0 la Communaut\u00e9 des B\u00e9atitudes, aux Fraternit\u00e9s Monastiques de J\u00e9rusalem.\" \/>\n<meta property=\"og:url\" content=\"https:\/\/pastoraledutourisme41.fr\/index.php\/accueil-spirituel\/\" \/>\n<meta property=\"og:site_name\" content=\"Pastorale du Tourisme, \u00e9glises du Loir-et-Cher\" \/>\n<meta property=\"article:modified_time\" content=\"2024-03-16T07:42:06+00:00\" \/>\n<meta property=\"og:image\" content=\"https:\/\/pastoraledutourisme41.fr\/wp-content\/uploads\/2022\/07\/pastorale.jpg\" \/>\n\t<meta property=\"og:image:width\" content=\"400\" \/>\n\t<meta property=\"og:image:height\" content=\"210\" \/>\n\t<meta property=\"og:image:type\" content=\"image\/jpeg\" \/>\n<meta name=\"twitter:card\" content=\"summary_large_image\" \/>\n<meta name=\"twitter:label1\" content=\"Dur\u00e9e de lecture estim\u00e9e\" \/>\n\t<meta name=\"twitter:data1\" content=\"1 minute\" \/>\n<script type=\"application\/ld+json\" class=\"yoast-schema-graph\">{\"@context\":\"https:\/\/schema.org\",\"@graph\":[{\"@type\":\"WebPage\",\"@id\":\"https:\/\/pastoraledutourisme41.fr\/index.php\/accueil-spirituel\/\",\"url\":\"https:\/\/pastoraledutourisme41.fr\/index.php\/accueil-spirituel\/\",\"name\":\"Halte spirituelle - Pastorale du Tourisme, \u00e9glises du Loir-et-Cher\",\"isPartOf\":{\"@id\":\"https:\/\/pastoraledutourisme41.fr\/#website\"},\"datePublished\":\"2020-03-21T16:35:37+00:00\",\"dateModified\":\"2024-03-16T07:42:06+00:00\",\"description\":\"Accueil spirituel (dioc\u00e8se de Blois) \u00e0 la Basilique Notre-Dame de la Trinit\u00e9, au Domaine de l\u2019abbaye Saint-Georges, \u00e0 la Communaut\u00e9 des B\u00e9atitudes, aux Fraternit\u00e9s Monastiques de J\u00e9rusalem.\",\"breadcrumb\":{\"@id\":\"https:\/\/pastoraledutourisme41.fr\/index.php\/accueil-spirituel\/#breadcrumb\"},\"inLanguage\":\"fr-FR\",\"potentialAction\":[{\"@type\":\"ReadAction\",\"target\":[\"https:\/\/pastoraledutourisme41.fr\/index.php\/accueil-spirituel\/\"]}]},{\"@type\":\"BreadcrumbList\",\"@id\":\"https:\/\/pastoraledutourisme41.fr\/index.php\/accueil-spirituel\/#breadcrumb\",\"itemListElement\":[{\"@type\":\"ListItem\",\"position\":1,\"name\":\"Accueil\",\"item\":\"https:\/\/pastoraledutourisme41.fr\/\"},{\"@type\":\"ListItem\",\"position\":2,\"name\":\"Halte spirituelle\"}]},{\"@type\":\"WebSite\",\"@id\":\"https:\/\/pastoraledutourisme41.fr\/#website\",\"url\":\"https:\/\/pastoraledutourisme41.fr\/\",\"name\":\"Pastorale du Tourisme, \u00e9glises du Loir-et-Cher\",\"description\":\"Pastorale des r\u00e9alit\u00e9s du tourisme et des loisirs\",\"publisher\":{\"@id\":\"https:\/\/pastoraledutourisme41.fr\/#organization\"},\"potentialAction\":[{\"@type\":\"SearchAction\",\"target\":{\"@type\":\"EntryPoint\",\"urlTemplate\":\"https:\/\/pastoraledutourisme41.fr\/?s={search_term_string}\"},\"query-input\":{\"@type\":\"PropertyValueSpecification\",\"valueRequired\":true,\"valueName\":\"search_term_string\"}}],\"inLanguage\":\"fr-FR\"},{\"@type\":\"Organization\",\"@id\":\"https:\/\/pastoraledutourisme41.fr\/#organization\",\"name\":\"Pastorale du Tourisme en Loir-et-Cher\",\"url\":\"https:\/\/pastoraledutourisme41.fr\/\",\"logo\":{\"@type\":\"ImageObject\",\"inLanguage\":\"fr-FR\",\"@id\":\"https:\/\/pastoraledutourisme41.fr\/#\/schema\/logo\/image\/\",\"url\":\"https:\/\/pastoraledutourisme41.fr\/wp-content\/uploads\/2020\/01\/LOGO-PRTL-.jpg\",\"contentUrl\":\"https:\/\/pastoraledutourisme41.fr\/wp-content\/uploads\/2020\/01\/LOGO-PRTL-.jpg\",\"width\":120,\"height\":73,\"caption\":\"Pastorale du Tourisme en Loir-et-Cher\"},\"image\":{\"@id\":\"https:\/\/pastoraledutourisme41.fr\/#\/schema\/logo\/image\/\"}}]}<\/script>\n<!-- \/ Yoast SEO plugin. -->","yoast_head_json":{"title":"Halte spirituelle - Pastorale du Tourisme, \u00e9glises du Loir-et-Cher","description":"Accueil spirituel (dioc\u00e8se de Blois) \u00e0 la Basilique Notre-Dame de la Trinit\u00e9, au Domaine de l\u2019abbaye Saint-Georges, \u00e0 la Communaut\u00e9 des B\u00e9atitudes, aux Fraternit\u00e9s Monastiques de J\u00e9rusalem.","robots":{"index":"index","follow":"follow","max-snippet":"max-snippet:-1","max-image-preview":"max-image-preview:large","max-video-preview":"max-video-preview:-1"},"canonical":"https:\/\/pastoraledutourisme41.fr\/index.php\/accueil-spirituel\/","og_locale":"fr_FR","og_type":"article","og_title":"Halte spirituelle - Pastorale du Tourisme, \u00e9glises du Loir-et-Cher","og_description":"Accueil spirituel (dioc\u00e8se de Blois) \u00e0 la Basilique Notre-Dame de la Trinit\u00e9, au Domaine de l\u2019abbaye Saint-Georges, \u00e0 la Communaut\u00e9 des B\u00e9atitudes, aux Fraternit\u00e9s Monastiques de J\u00e9rusalem.","og_url":"https:\/\/pastoraledutourisme41.fr\/index.php\/accueil-spirituel\/","og_site_name":"Pastorale du Tourisme, \u00e9glises du Loir-et-Cher","article_modified_time":"2024-03-16T07:42:06+00:00","og_image":[{"width":400,"height":210,"url":"https:\/\/pastoraledutourisme41.fr\/wp-content\/uploads\/2022\/07\/pastorale.jpg","type":"image\/jpeg"}],"twitter_card":"summary_large_image","twitter_misc":{"Dur\u00e9e de lecture estim\u00e9e":"1 minute"},"schema":{"@context":"https:\/\/schema.org","@graph":[{"@type":"WebPage","@id":"https:\/\/pastoraledutourisme41.fr\/index.php\/accueil-spirituel\/","url":"https:\/\/pastoraledutourisme41.fr\/index.php\/accueil-spirituel\/","name":"Halte spirituelle - Pastorale du Tourisme, \u00e9glises du Loir-et-Cher","isPartOf":{"@id":"https:\/\/pastoraledutourisme41.fr\/#website"},"datePublished":"2020-03-21T16:35:37+00:00","dateModified":"2024-03-16T07:42:06+00:00","description":"Accueil spirituel (dioc\u00e8se de Blois) \u00e0 la Basilique Notre-Dame de la Trinit\u00e9, au Domaine de l\u2019abbaye Saint-Georges, \u00e0 la Communaut\u00e9 des B\u00e9atitudes, aux Fraternit\u00e9s Monastiques de J\u00e9rusalem.","breadcrumb":{"@id":"https:\/\/pastoraledutourisme41.fr\/index.php\/accueil-spirituel\/#breadcrumb"},"inLanguage":"fr-FR","potentialAction":[{"@type":"ReadAction","target":["https:\/\/pastoraledutourisme41.fr\/index.php\/accueil-spirituel\/"]}]},{"@type":"BreadcrumbList","@id":"https:\/\/pastoraledutourisme41.fr\/index.php\/accueil-spirituel\/#breadcrumb","itemListElement":[{"@type":"ListItem","position":1,"name":"Accueil","item":"https:\/\/pastoraledutourisme41.fr\/"},{"@type":"ListItem","position":2,"name":"Halte spirituelle"}]},{"@type":"WebSite","@id":"https:\/\/pastoraledutourisme41.fr\/#website","url":"https:\/\/pastoraledutourisme41.fr\/","name":"Pastorale du Tourisme, \u00e9glises du Loir-et-Cher","description":"Pastorale des r\u00e9alit\u00e9s du tourisme et des loisirs","publisher":{"@id":"https:\/\/pastoraledutourisme41.fr\/#organization"},"potentialAction":[{"@type":"SearchAction","target":{"@type":"EntryPoint","urlTemplate":"https:\/\/pastoraledutourisme41.fr\/?s={search_term_string}"},"query-input":{"@type":"PropertyValueSpecification","valueRequired":true,"valueName":"search_term_string"}}],"inLanguage":"fr-FR"},{"@type":"Organization","@id":"https:\/\/pastoraledutourisme41.fr\/#organization","name":"Pastorale du Tourisme en Loir-et-Cher","url":"https:\/\/pastoraledutourisme41.fr\/","logo":{"@type":"ImageObject","inLanguage":"fr-FR","@id":"https:\/\/pastoraledutourisme41.fr\/#\/schema\/logo\/image\/","url":"https:\/\/pastoraledutourisme41.fr\/wp-content\/uploads\/2020\/01\/LOGO-PRTL-.jpg","contentUrl":"https:\/\/pastoraledutourisme41.fr\/wp-content\/uploads\/2020\/01\/LOGO-PRTL-.jpg","width":120,"height":73,"caption":"Pastorale du Tourisme en Loir-et-Cher"},"image":{"@id":"https:\/\/pastoraledutourisme41.fr\/#\/schema\/logo\/image\/"}}]}},"_links":{"self":[{"href":"https:\/\/pastoraledutourisme41.fr\/index.php\/wp-json\/wp\/v2\/pages\/349","targetHints":{"allow":["GET"]}}],"collection":[{"href":"https:\/\/pastoraledutourisme41.fr\/index.php\/wp-json\/wp\/v2\/pages"}],"about":[{"href":"https:\/\/pastoraledutourisme41.fr\/index.php\/wp-json\/wp\/v2\/types\/page"}],"author":[{"embeddable":true,"href":"https:\/\/pastoraledutourisme41.fr\/index.php\/wp-json\/wp\/v2\/users\/3"}],"replies":[{"embeddable":true,"href":"https:\/\/pastoraledutourisme41.fr\/index.php\/wp-json\/wp\/v2\/comments?post=349"}],"version-history":[{"count":32,"href":"https:\/\/pastoraledutourisme41.fr\/index.php\/wp-json\/wp\/v2\/pages\/349\/revisions"}],"predecessor-version":[{"id":2905,"href":"https:\/\/pastoraledutourisme41.fr\/index.php\/wp-json\/wp\/v2\/pages\/349\/revisions\/2905"}],"wp:attachment":[{"href":"https:\/\/pastoraledutourisme41.fr\/index.php\/wp-json\/wp\/v2\/media?parent=349"}],"curies":[{"name":"wp","href":"https:\/\/api.w.org\/{rel}","templated":true}]}}