{"id":114,"date":"2020-03-04T11:38:51","date_gmt":"2020-03-04T10:38:51","guid":{"rendered":"https:\/\/pastoraledutourisme41.fr\/?page_id=114"},"modified":"2022-06-23T09:01:17","modified_gmt":"2022-06-23T07:01:17","slug":"associations-damis-des-eglises","status":"publish","type":"page","link":"https:\/\/pastoraledutourisme41.fr\/index.php\/associations-damis-des-eglises\/","title":{"rendered":"Associations d&rsquo;amis des \u00e9glises"},"content":{"rendered":"<p><strong>AMARE41<\/strong>,<strong> A<\/strong>ssociation des Amis du <strong>M<\/strong>us\u00e9e d&rsquo;<strong>A<\/strong>rt <strong>R<\/strong>eligieux et des <strong>E<\/strong>glises du Loir-et-Cher<\/p>\n<p class=\"yiv8447268785MsoNormal\">Pour contacter le Mus\u00e9e :<\/p>\n<p class=\"yiv8447268785MsoNormal\">T\u00e9l : 02 54 78 17 14<\/p>\n<p class=\"yiv8447268785MsoNormal\">6 Rue des Jacobins<\/p>\n<p class=\"yiv8447268785MsoNormal\">41000 BLOIS<\/p>\n<p class=\"yiv8447268785MsoNormal\">\n<p class=\"yiv8447268785MsoNormal\">Pour suivre l\u2019actualit\u00e9 du Mus\u00e9e et de l\u2019association des Amis du Mus\u00e9e (AMARE) :<\/p>\n<p class=\"yiv8447268785MsoNormal\">Sur notre site : <a href=\"https:\/\/amare41.fr\/\" target=\"_blank\" rel=\"nofollow noopener noreferrer\">https:\/\/amare41.fr\/<\/a><\/p>\n<p class=\"yiv8447268785MsoNormal\">Sur Instagram : <a href=\"https:\/\/instagram.com\/museeartreligieuxblois\/\" target=\"_blank\" rel=\"nofollow noopener noreferrer\">https:\/\/instagram.com\/museeartreligieuxblois\/<\/a><\/p>\n<p class=\"yiv8447268785MsoNormal\">Sur Facebook : <a href=\"http:\/\/www.facebook.com\/museeartreligieux\/\" target=\"_blank\" rel=\"nofollow noopener noreferrer\">www.facebook.com\/museeartreligieux\/<\/a><\/p>\n<p class=\"yiv8447268785MsoNormal\">Sur YouTube\u00a0: <a href=\"https:\/\/www.youtube.com\/channel\/UCS6hCFz7V_wQzZopbo7X_yA\" target=\"_blank\" rel=\"nofollow noopener noreferrer\">https:\/\/www.youtube.com\/channel\/UCS6hCFz7V_wQzZopbo7X_yA<\/a><\/p>\n<p class=\"yiv8447268785MsoNormal\">\n<p class=\"yiv8447268785MsoNormal\">Notre \u00e9mission sur RCF &#8211; Paroles d\u2019objets :<\/p>\n<p class=\"yiv8447268785MsoNormal\"><a href=\"https:\/\/rcf.fr\/culture-et-societe\/parole-dobjets\" target=\"_blank\" rel=\"nofollow noopener noreferrer\">https:\/\/rcf.fr\/culture-et-societe\/parole-dobjets<\/a><\/p>\n","protected":false},"excerpt":{"rendered":"<p>AMARE41, Association des Amis du Mus\u00e9e d&rsquo;Art Religieux et des Eglises du Loir-et-Cher Pour contacter le Mus\u00e9e : T\u00e9l : 02 54 78 17 14 6 Rue des Jacobins 41000 BLOIS Pour suivre l\u2019actualit\u00e9&#46;&#46;&#46;<\/p>\n","protected":false},"author":3,"featured_media":0,"parent":0,"menu_order":60,"comment_status":"closed","ping_status":"closed","template":"","meta":{"footnotes":""},"class_list":["post-114","page","type-page","status-publish","hentry"],"yoast_head":"<!-- This site is optimized with the Yoast SEO plugin v27.0 - https:\/\/yoast.com\/product\/yoast-seo-wordpress\/ -->\n<title>Associations d&#039;amis des \u00e9glises - Pastorale du Tourisme, \u00e9glises du Loir-et-Cher<\/title>\n<meta name=\"robots\" content=\"index, follow, max-snippet:-1, max-image-preview:large, max-video-preview:-1\" \/>\n<link rel=\"canonical\" href=\"https:\/\/pastoraledutourisme41.fr\/index.php\/associations-damis-des-eglises\/\" \/>\n<meta property=\"og:locale\" content=\"fr_FR\" \/>\n<meta property=\"og:type\" content=\"article\" \/>\n<meta property=\"og:title\" content=\"Associations d&#039;amis des \u00e9glises - Pastorale du Tourisme, \u00e9glises du Loir-et-Cher\" \/>\n<meta property=\"og:description\" content=\"AMARE41, Association des Amis du Mus\u00e9e d&rsquo;Art Religieux et des Eglises du Loir-et-Cher Pour contacter le Mus\u00e9e : T\u00e9l : 02 54 78 17 14 6 Rue des Jacobins 41000 BLOIS Pour suivre l\u2019actualit\u00e9&#046;&#046;&#046;\" \/>\n<meta property=\"og:url\" content=\"https:\/\/pastoraledutourisme41.fr\/index.php\/associations-damis-des-eglises\/\" \/>\n<meta property=\"og:site_name\" content=\"Pastorale du Tourisme, \u00e9glises du Loir-et-Cher\" \/>\n<meta property=\"article:modified_time\" content=\"2022-06-23T07:01:17+00:00\" \/>\n<meta property=\"og:image\" content=\"https:\/\/pastoraledutourisme41.fr\/wp-content\/uploads\/2022\/07\/pastorale.jpg\" \/>\n\t<meta property=\"og:image:width\" content=\"400\" \/>\n\t<meta property=\"og:image:height\" content=\"210\" \/>\n\t<meta property=\"og:image:type\" content=\"image\/jpeg\" \/>\n<meta name=\"twitter:card\" content=\"summary_large_image\" \/>\n<meta name=\"twitter:label1\" content=\"Dur\u00e9e de lecture estim\u00e9e\" \/>\n\t<meta name=\"twitter:data1\" content=\"1 minute\" \/>\n<script type=\"application\/ld+json\" class=\"yoast-schema-graph\">{\"@context\":\"https:\/\/schema.org\",\"@graph\":[{\"@type\":\"WebPage\",\"@id\":\"https:\/\/pastoraledutourisme41.fr\/index.php\/associations-damis-des-eglises\/\",\"url\":\"https:\/\/pastoraledutourisme41.fr\/index.php\/associations-damis-des-eglises\/\",\"name\":\"Associations d'amis des \u00e9glises - Pastorale du Tourisme, \u00e9glises du Loir-et-Cher\",\"isPartOf\":{\"@id\":\"https:\/\/pastoraledutourisme41.fr\/#website\"},\"datePublished\":\"2020-03-04T10:38:51+00:00\",\"dateModified\":\"2022-06-23T07:01:17+00:00\",\"breadcrumb\":{\"@id\":\"https:\/\/pastoraledutourisme41.fr\/index.php\/associations-damis-des-eglises\/#breadcrumb\"},\"inLanguage\":\"fr-FR\",\"potentialAction\":[{\"@type\":\"ReadAction\",\"target\":[\"https:\/\/pastoraledutourisme41.fr\/index.php\/associations-damis-des-eglises\/\"]}]},{\"@type\":\"BreadcrumbList\",\"@id\":\"https:\/\/pastoraledutourisme41.fr\/index.php\/associations-damis-des-eglises\/#breadcrumb\",\"itemListElement\":[{\"@type\":\"ListItem\",\"position\":1,\"name\":\"Accueil\",\"item\":\"https:\/\/pastoraledutourisme41.fr\/\"},{\"@type\":\"ListItem\",\"position\":2,\"name\":\"Associations d&#8217;amis des \u00e9glises\"}]},{\"@type\":\"WebSite\",\"@id\":\"https:\/\/pastoraledutourisme41.fr\/#website\",\"url\":\"https:\/\/pastoraledutourisme41.fr\/\",\"name\":\"Pastorale du Tourisme, \u00e9glises du Loir-et-Cher\",\"description\":\"Pastorale des r\u00e9alit\u00e9s du tourisme et des loisirs\",\"publisher\":{\"@id\":\"https:\/\/pastoraledutourisme41.fr\/#organization\"},\"potentialAction\":[{\"@type\":\"SearchAction\",\"target\":{\"@type\":\"EntryPoint\",\"urlTemplate\":\"https:\/\/pastoraledutourisme41.fr\/?s={search_term_string}\"},\"query-input\":{\"@type\":\"PropertyValueSpecification\",\"valueRequired\":true,\"valueName\":\"search_term_string\"}}],\"inLanguage\":\"fr-FR\"},{\"@type\":\"Organization\",\"@id\":\"https:\/\/pastoraledutourisme41.fr\/#organization\",\"name\":\"Pastorale du Tourisme en Loir-et-Cher\",\"url\":\"https:\/\/pastoraledutourisme41.fr\/\",\"logo\":{\"@type\":\"ImageObject\",\"inLanguage\":\"fr-FR\",\"@id\":\"https:\/\/pastoraledutourisme41.fr\/#\/schema\/logo\/image\/\",\"url\":\"https:\/\/pastoraledutourisme41.fr\/wp-content\/uploads\/2020\/01\/LOGO-PRTL-.jpg\",\"contentUrl\":\"https:\/\/pastoraledutourisme41.fr\/wp-content\/uploads\/2020\/01\/LOGO-PRTL-.jpg\",\"width\":120,\"height\":73,\"caption\":\"Pastorale du Tourisme en Loir-et-Cher\"},\"image\":{\"@id\":\"https:\/\/pastoraledutourisme41.fr\/#\/schema\/logo\/image\/\"}}]}<\/script>\n<!-- \/ Yoast SEO plugin. -->","yoast_head_json":{"title":"Associations d'amis des \u00e9glises - Pastorale du Tourisme, \u00e9glises du Loir-et-Cher","robots":{"index":"index","follow":"follow","max-snippet":"max-snippet:-1","max-image-preview":"max-image-preview:large","max-video-preview":"max-video-preview:-1"},"canonical":"https:\/\/pastoraledutourisme41.fr\/index.php\/associations-damis-des-eglises\/","og_locale":"fr_FR","og_type":"article","og_title":"Associations d'amis des \u00e9glises - Pastorale du Tourisme, \u00e9glises du Loir-et-Cher","og_description":"AMARE41, Association des Amis du Mus\u00e9e d&rsquo;Art Religieux et des Eglises du Loir-et-Cher Pour contacter le Mus\u00e9e : T\u00e9l : 02 54 78 17 14 6 Rue des Jacobins 41000 BLOIS Pour suivre l\u2019actualit\u00e9&#46;&#46;&#46;","og_url":"https:\/\/pastoraledutourisme41.fr\/index.php\/associations-damis-des-eglises\/","og_site_name":"Pastorale du Tourisme, \u00e9glises du Loir-et-Cher","article_modified_time":"2022-06-23T07:01:17+00:00","og_image":[{"width":400,"height":210,"url":"https:\/\/pastoraledutourisme41.fr\/wp-content\/uploads\/2022\/07\/pastorale.jpg","type":"image\/jpeg"}],"twitter_card":"summary_large_image","twitter_misc":{"Dur\u00e9e de lecture estim\u00e9e":"1 minute"},"schema":{"@context":"https:\/\/schema.org","@graph":[{"@type":"WebPage","@id":"https:\/\/pastoraledutourisme41.fr\/index.php\/associations-damis-des-eglises\/","url":"https:\/\/pastoraledutourisme41.fr\/index.php\/associations-damis-des-eglises\/","name":"Associations d'amis des \u00e9glises - Pastorale du Tourisme, \u00e9glises du Loir-et-Cher","isPartOf":{"@id":"https:\/\/pastoraledutourisme41.fr\/#website"},"datePublished":"2020-03-04T10:38:51+00:00","dateModified":"2022-06-23T07:01:17+00:00","breadcrumb":{"@id":"https:\/\/pastoraledutourisme41.fr\/index.php\/associations-damis-des-eglises\/#breadcrumb"},"inLanguage":"fr-FR","potentialAction":[{"@type":"ReadAction","target":["https:\/\/pastoraledutourisme41.fr\/index.php\/associations-damis-des-eglises\/"]}]},{"@type":"BreadcrumbList","@id":"https:\/\/pastoraledutourisme41.fr\/index.php\/associations-damis-des-eglises\/#breadcrumb","itemListElement":[{"@type":"ListItem","position":1,"name":"Accueil","item":"https:\/\/pastoraledutourisme41.fr\/"},{"@type":"ListItem","position":2,"name":"Associations d&#8217;amis des \u00e9glises"}]},{"@type":"WebSite","@id":"https:\/\/pastoraledutourisme41.fr\/#website","url":"https:\/\/pastoraledutourisme41.fr\/","name":"Pastorale du Tourisme, \u00e9glises du Loir-et-Cher","description":"Pastorale des r\u00e9alit\u00e9s du tourisme et des loisirs","publisher":{"@id":"https:\/\/pastoraledutourisme41.fr\/#organization"},"potentialAction":[{"@type":"SearchAction","target":{"@type":"EntryPoint","urlTemplate":"https:\/\/pastoraledutourisme41.fr\/?s={search_term_string}"},"query-input":{"@type":"PropertyValueSpecification","valueRequired":true,"valueName":"search_term_string"}}],"inLanguage":"fr-FR"},{"@type":"Organization","@id":"https:\/\/pastoraledutourisme41.fr\/#organization","name":"Pastorale du Tourisme en Loir-et-Cher","url":"https:\/\/pastoraledutourisme41.fr\/","logo":{"@type":"ImageObject","inLanguage":"fr-FR","@id":"https:\/\/pastoraledutourisme41.fr\/#\/schema\/logo\/image\/","url":"https:\/\/pastoraledutourisme41.fr\/wp-content\/uploads\/2020\/01\/LOGO-PRTL-.jpg","contentUrl":"https:\/\/pastoraledutourisme41.fr\/wp-content\/uploads\/2020\/01\/LOGO-PRTL-.jpg","width":120,"height":73,"caption":"Pastorale du Tourisme en Loir-et-Cher"},"image":{"@id":"https:\/\/pastoraledutourisme41.fr\/#\/schema\/logo\/image\/"}}]}},"_links":{"self":[{"href":"https:\/\/pastoraledutourisme41.fr\/index.php\/wp-json\/wp\/v2\/pages\/114","targetHints":{"allow":["GET"]}}],"collection":[{"href":"https:\/\/pastoraledutourisme41.fr\/index.php\/wp-json\/wp\/v2\/pages"}],"about":[{"href":"https:\/\/pastoraledutourisme41.fr\/index.php\/wp-json\/wp\/v2\/types\/page"}],"author":[{"embeddable":true,"href":"https:\/\/pastoraledutourisme41.fr\/index.php\/wp-json\/wp\/v2\/users\/3"}],"replies":[{"embeddable":true,"href":"https:\/\/pastoraledutourisme41.fr\/index.php\/wp-json\/wp\/v2\/comments?post=114"}],"version-history":[{"count":4,"href":"https:\/\/pastoraledutourisme41.fr\/index.php\/wp-json\/wp\/v2\/pages\/114\/revisions"}],"predecessor-version":[{"id":849,"href":"https:\/\/pastoraledutourisme41.fr\/index.php\/wp-json\/wp\/v2\/pages\/114\/revisions\/849"}],"wp:attachment":[{"href":"https:\/\/pastoraledutourisme41.fr\/index.php\/wp-json\/wp\/v2\/media?parent=114"}],"curies":[{"name":"wp","href":"https:\/\/api.w.org\/{rel}","templated":true}]}}